{"id":53,"date":"2020-04-18T15:48:35","date_gmt":"2020-04-18T15:48:35","guid":{"rendered":"https:\/\/themebing.com\/wp\/automax\/?page_id=53"},"modified":"2024-10-12T21:00:15","modified_gmt":"2024-10-12T14:00:15","slug":"gioi-thieu","status":"publish","type":"page","link":"https:\/\/sparklingstars.com.vn\/en\/gioi-thieu\/","title":{"rendered":"Introduce"},"content":{"rendered":"<div data-elementor-type=\"wp-page\" data-elementor-id=\"53\" class=\"elementor elementor-53\">\n\t\t\t\t\t\t\t<div class=\"elementor-element elementor-element-b4bbfa3 e-con-full e-flex e-con e-parent\" data-id=\"b4bbfa3\" data-element_type=\"container\" data-settings=\"{&quot;content_width&quot;:&quot;full&quot;}\" data-core-v316-plus=\"true\">\n\t\t\t\t<div class=\"elementor-element elementor-element-252c251 elementor--h-position-center elementor--v-position-middle elementor-arrows-position-inside elementor-pagination-position-inside elementor-widget elementor-widget-slides\" data-id=\"252c251\" data-element_type=\"widget\" data-settings=\"{&quot;navigation&quot;:&quot;both&quot;,&quot;autoplay&quot;:&quot;yes&quot;,&quot;pause_on_hover&quot;:&quot;yes&quot;,&quot;pause_on_interaction&quot;:&quot;yes&quot;,&quot;autoplay_speed&quot;:5000,&quot;infinite&quot;:&quot;yes&quot;,&quot;transition&quot;:&quot;slide&quot;,&quot;transition_speed&quot;:500}\" data-widget_type=\"slides.default\">\n\t\t\t\t<div class=\"elementor-widget-container\">\n\t\t\t<style>\/*! elementor-pro - v3.11.3 - 26-02-2023 *\/\n.elementor-slides .swiper-slide-bg{background-size:cover;background-position:50%;background-repeat:no-repeat;min-width:100%;min-height:100%}.elementor-slides .swiper-slide-inner{background-repeat:no-repeat;background-position:50%;position:absolute;top:0;left:0;bottom:0;right:0;padding:50px;margin:auto}.elementor-slides .swiper-slide-inner,.elementor-slides .swiper-slide-inner:hover{color:#fff;display:flex}.elementor-slides .swiper-slide-inner .elementor-background-overlay{position:absolute;z-index:0;top:0;bottom:0;left:0;right:0}.elementor-slides .swiper-slide-inner .elementor-slide-content{position:relative;z-index:1;width:100%}.elementor-slides .swiper-slide-inner .elementor-slide-heading{font-size:35px;font-weight:700;line-height:1}.elementor-slides .swiper-slide-inner .elementor-slide-description{font-size:17px;line-height:1.4}.elementor-slides .swiper-slide-inner .elementor-slide-description:not(:last-child),.elementor-slides .swiper-slide-inner .elementor-slide-heading:not(:last-child){margin-bottom:30px}.elementor-slides .swiper-slide-inner .elementor-slide-button{border:2px solid #fff;color:#fff;background:transparent;display:inline-block}.elementor-slides .swiper-slide-inner .elementor-slide-button,.elementor-slides .swiper-slide-inner .elementor-slide-button:hover{background:transparent;color:inherit;text-decoration:none}.elementor--v-position-top .swiper-slide-inner{align-items:flex-start}.elementor--v-position-bottom .swiper-slide-inner{align-items:flex-end}.elementor--v-position-middle .swiper-slide-inner{align-items:center}.elementor--h-position-left .swiper-slide-inner{justify-content:flex-start}.elementor--h-position-right .swiper-slide-inner{justify-content:flex-end}.elementor--h-position-center .swiper-slide-inner{justify-content:center}body.rtl .elementor-widget-slides .elementor-swiper-button-next{left:10px;right:auto}body.rtl .elementor-widget-slides .elementor-swiper-button-prev{right:10px;left:auto}.elementor-slides-wrapper div:not(.swiper-slide)>.swiper-slide-inner{display:none}@media (max-width:767px){.elementor-slides .swiper-slide-inner{padding:30px}.elementor-slides .swiper-slide-inner .elementor-slide-heading{font-size:23px;line-height:1;margin-bottom:15px}.elementor-slides .swiper-slide-inner .elementor-slide-description{font-size:13px;line-height:1.4;margin-bottom:15px}}<\/style>\t\t<div class=\"elementor-swiper\">\n\t\t\t<div class=\"elementor-slides-wrapper elementor-main-swiper swiper\" dir=\"ltr\" data-animation=\"fadeInUp\">\n\t\t\t\t<div class=\"swiper-wrapper elementor-slides\">\n\t\t\t\t\t\t\t\t\t\t<div class=\"elementor-repeater-item-735a3fc swiper-slide\"><div class=\"swiper-slide-bg\"><\/div><div class=\"swiper-slide-inner\" ><div class=\"swiper-slide-contents\"><\/div><\/div><\/div>\t\t\t\t<\/div>\n\t\t\t\t\t\t\t<\/div>\n\t\t<\/div>\n\t\t\t\t<\/div>\n\t\t\t\t<\/div>\n\t\t\t\t<\/div>\n\t\t<div class=\"elementor-element elementor-element-c9cf591 e-flex e-con-boxed e-con e-parent\" data-id=\"c9cf591\" data-element_type=\"container\" data-settings=\"{&quot;content_width&quot;:&quot;boxed&quot;}\" data-core-v316-plus=\"true\">\n\t\t\t\t\t<div class=\"e-con-inner\">\n\t\t<div class=\"elementor-element elementor-element-a550c22 e-flex e-con-boxed e-con e-child\" data-id=\"a550c22\" data-element_type=\"container\" data-settings=\"{&quot;content_width&quot;:&quot;boxed&quot;}\">\n\t\t\t\t\t<div class=\"e-con-inner\">\n\t\t\t\t<div class=\"elementor-element elementor-element-0499007 elementor-widget elementor-widget-heading\" data-id=\"0499007\" data-element_type=\"widget\" data-widget_type=\"heading.default\">\n\t\t\t\t<div class=\"elementor-widget-container\">\n\t\t\t<style>\/*! elementor - v3.18.0 - 20-12-2023 *\/\n.elementor-heading-title{padding:0;margin:0;line-height:1}.elementor-widget-heading .elementor-heading-title[class*=elementor-size-]>a{color:inherit;font-size:inherit;line-height:inherit}.elementor-widget-heading .elementor-heading-title.elementor-size-small{font-size:15px}.elementor-widget-heading .elementor-heading-title.elementor-size-medium{font-size:19px}.elementor-widget-heading .elementor-heading-title.elementor-size-large{font-size:29px}.elementor-widget-heading .elementor-heading-title.elementor-size-xl{font-size:39px}.elementor-widget-heading .elementor-heading-title.elementor-size-xxl{font-size:59px}<\/style><h2 class=\"elementor-heading-title elementor-size-default\"><br>SPARKLING STARS\n<\/h2>\t\t<\/div>\n\t\t\t\t<\/div>\n\t\t\t\t<div class=\"elementor-element elementor-element-8f3ac19 elementor-widget elementor-widget-text-editor\" data-id=\"8f3ac19\" data-element_type=\"widget\" data-widget_type=\"text-editor.default\">\n\t\t\t\t<div class=\"elementor-widget-container\">\n\t\t\t<style>\/*! elementor - v3.18.0 - 20-12-2023 *\/\n.elementor-widget-text-editor.elementor-drop-cap-view-stacked .elementor-drop-cap{background-color:#69727d;color:#fff}.elementor-widget-text-editor.elementor-drop-cap-view-framed .elementor-drop-cap{color:#69727d;border:3px solid;background-color:transparent}.elementor-widget-text-editor:not(.elementor-drop-cap-view-default) .elementor-drop-cap{margin-top:8px}.elementor-widget-text-editor:not(.elementor-drop-cap-view-default) .elementor-drop-cap-letter{width:1em;height:1em}.elementor-widget-text-editor .elementor-drop-cap{float:left;text-align:center;line-height:1;font-size:50px}.elementor-widget-text-editor .elementor-drop-cap-letter{display:inline-block}<\/style>\t\t\t\tC\u00f4ng ty TNHH Sparkling Stars l\u00e0 C\u00f4ng ty c\u00f3 v\u1ed1n \u0111\u1ea7u t\u01b0 c\u1ee7a \u0110\u00e0i Loan, ch\u00fang t\u00f4i chuy\u00ean s\u1ea3n xu\u1ea5t c\u00e1c s\u1ea3n ph\u1ea9m:\n<ul style=\"color: #808080\">\n \t<li>Cao su k\u1ef9 thu\u1eadt ch\u1ecbu nhi\u1ec7t, ch\u1ecbu d\u1ea7u, ch\u1ecbu va \u0111\u1eadp, ch\u1ed1ng m\u00e0i m\u00f2n<\/li>\n \t<li>Cao su silicone ch\u1ecbu nhi\u1ec7t, c\u00f3 \u0111\u1ed9 \u0111\u00e0n h\u1ed3i cao<\/li>\n<\/ul>\nV\u1edbi trang thi\u1ebft b\u1ecb hi\u1ec7n \u0111\u1ea1i v\u00e0 \u0111a d\u1ea1ng, c\u00f4ng ty ch\u00fang t\u00f4i c\u00f3 th\u1ec3 t\u01b0 v\u1ea5n vi\u1ec7c l\u1ef1a ch\u1ecdn c\u00e1c nguy\u00ean li\u1ec7u cao su \u0111\u1ec3 s\u1ea3n xu\u1ea5t c\u00e1c s\u1ea3n ph\u1ea9m \u0111\u1ea3m b\u1ea3o y\u00eau c\u1ea7u k\u1ef9 thu\u1eadt v\u1edbi chi ph\u00ed ph\u00f9 h\u1ee3p. B\u00ean c\u1ea1nh \u0111\u00f3, ch\u00fang t\u00f4i c\u0169ng cung c\u1ea5p c\u00e1c d\u1ecbch v\u1ee5 thi\u1ebft k\u1ebf, ch\u1ebf t\u1ea1o khu\u00f4n m\u1eabu v\u00e0 \u1ee9ng d\u1ee5ng c\u00e1c c\u00f4ng ngh\u1ec7 ti\u00ean ti\u1ebfn nh\u1ea5t cho quy tr\u00ecnh s\u1ea3n xu\u1ea5t h\u00e0ng lo\u1ea1t.\n\nCam k\u1ebft v\u1ec1 ch\u1ea5t l\u01b0\u1ee3ng, ti\u1ebfn \u0111\u1ed9 s\u1ea3n xu\u1ea5t v\u00e0 m\u1ee9c gi\u00e1 c\u1ea1nh tranh, c\u00f4ng ty TNHH Sparkling Stars kh\u00f4ng ch\u1ec9 \u0111\u00e1p \u1ee9ng c\u00e1c nhu c\u1ea7u c\u00e1c s\u1ea3n ph\u1ea9m cao su k\u1ef9 thu\u1eadt trong n\u01b0\u1edbc m\u00e0 c\u00f2n xu\u1ea5t kh\u1ea9u \u0111i nhi\u1ec1u n\u01b0\u1edbc tr\u00ean th\u1ebf gi\u1edbi.\t\t\t\t\t\t<\/div>\n\t\t\t\t<\/div>\n\t\t\t\t\t<\/div>\n\t\t\t\t<\/div>\n\t\t<div class=\"elementor-element elementor-element-00e0f17 e-flex e-con-boxed e-con e-child\" data-id=\"00e0f17\" data-element_type=\"container\" data-settings=\"{&quot;content_width&quot;:&quot;boxed&quot;}\">\n\t\t\t\t\t<div class=\"e-con-inner\">\n\t\t\t\t<div class=\"elementor-element elementor-element-fb5d67f elementor-widget elementor-widget-image\" data-id=\"fb5d67f\" data-element_type=\"widget\" data-widget_type=\"image.default\">\n\t\t\t\t<div class=\"elementor-widget-container\">\n\t\t\t<style>\/*! elementor - v3.18.0 - 20-12-2023 *\/\n.elementor-widget-image{text-align:center}.elementor-widget-image a{display:inline-block}.elementor-widget-image a img[src$=\".svg\"]{width:48px}.elementor-widget-image img{vertical-align:middle;display:inline-block}<\/style>\t\t\t\t\t\t\t\t\t\t\t\t<img fetchpriority=\"high\" decoding=\"async\" width=\"640\" height=\"640\" src=\"https:\/\/sparklingstars.com.vn\/wp-content\/uploads\/2024\/02\/anh-01-sparklingstars-1024x1024.jpg\" class=\"attachment-large size-large wp-image-1481\" alt=\"\" srcset=\"https:\/\/sparklingstars.com.vn\/wp-content\/uploads\/2024\/02\/anh-01-sparklingstars-1024x1024.jpg 1024w, https:\/\/sparklingstars.com.vn\/wp-content\/uploads\/2024\/02\/anh-01-sparklingstars-300x300.jpg 300w, https:\/\/sparklingstars.com.vn\/wp-content\/uploads\/2024\/02\/anh-01-sparklingstars-150x150.jpg 150w, https:\/\/sparklingstars.com.vn\/wp-content\/uploads\/2024\/02\/anh-01-sparklingstars-768x768.jpg 768w, https:\/\/sparklingstars.com.vn\/wp-content\/uploads\/2024\/02\/anh-01-sparklingstars-12x12.jpg 12w, https:\/\/sparklingstars.com.vn\/wp-content\/uploads\/2024\/02\/anh-01-sparklingstars-400x400.jpg 400w, https:\/\/sparklingstars.com.vn\/wp-content\/uploads\/2024\/02\/anh-01-sparklingstars-200x200.jpg 200w, https:\/\/sparklingstars.com.vn\/wp-content\/uploads\/2024\/02\/anh-01-sparklingstars-115x115.jpg 115w, https:\/\/sparklingstars.com.vn\/wp-content\/uploads\/2024\/02\/anh-01-sparklingstars-80x80.jpg 80w, https:\/\/sparklingstars.com.vn\/wp-content\/uploads\/2024\/02\/anh-01-sparklingstars-32x32.jpg 32w, https:\/\/sparklingstars.com.vn\/wp-content\/uploads\/2024\/02\/anh-01-sparklingstars-600x600.jpg 600w, https:\/\/sparklingstars.com.vn\/wp-content\/uploads\/2024\/02\/anh-01-sparklingstars-100x100.jpg 100w, https:\/\/sparklingstars.com.vn\/wp-content\/uploads\/2024\/02\/anh-01-sparklingstars.jpg 1200w\" sizes=\"(max-width: 640px) 100vw, 640px\" \/>\t\t\t\t\t\t\t\t\t\t\t\t\t\t\t<\/div>\n\t\t\t\t<\/div>\n\t\t\t\t\t<\/div>\n\t\t\t\t<\/div>\n\t\t\t\t\t<\/div>\n\t\t\t\t<\/div>\n\t\t<div class=\"elementor-element elementor-element-0ef31e4 e-flex e-con-boxed e-con e-parent\" data-id=\"0ef31e4\" data-element_type=\"container\" data-settings=\"{&quot;background_background&quot;:&quot;classic&quot;,&quot;content_width&quot;:&quot;boxed&quot;}\" data-core-v316-plus=\"true\">\n\t\t\t\t\t<div class=\"e-con-inner\">\n\t\t<div class=\"elementor-element elementor-element-75ac209 e-flex e-con-boxed e-con e-child\" data-id=\"75ac209\" data-element_type=\"container\" data-settings=\"{&quot;content_width&quot;:&quot;boxed&quot;}\">\n\t\t\t\t\t<div class=\"e-con-inner\">\n\t\t<div class=\"elementor-element elementor-element-63335ea e-flex e-con-boxed e-con e-child\" data-id=\"63335ea\" data-element_type=\"container\" data-settings=\"{&quot;content_width&quot;:&quot;boxed&quot;}\">\n\t\t\t\t\t<div class=\"e-con-inner\">\n\t\t\t\t<div class=\"elementor-element elementor-element-9d51737 elementor-widget elementor-widget-counters\" data-id=\"9d51737\" data-element_type=\"widget\" data-widget_type=\"counters.default\">\n\t\t\t\t<div class=\"elementor-widget-container\">\n\t\t\t\r\n      <div class=\"counter-item text-center\">\r\n         <div class=\"counter-icon\">\r\n                      <\/div>\r\n         <div class=\"elementor-counter-number-wrapper\">\r\n         <div class=\"counter-content\">\r\n             <h2 class=\"count elementor-counter-number\" data-duration=\"2000\" data-to-value=\"100\" data-from-value=\"0\" data-delimiter=\" \">60<\/h2>\r\n             <span>M\u00e1y \u00e9p (50 - 70 l\u1ea7n)<\/span>\r\n         <\/div>\r\n         <\/div>\r\n      <\/div>\r\n\r\n      \t\t<\/div>\n\t\t\t\t<\/div>\n\t\t\t\t\t<\/div>\n\t\t\t\t<\/div>\n\t\t<div class=\"elementor-element elementor-element-37bd154 e-flex e-con-boxed e-con e-child\" data-id=\"37bd154\" data-element_type=\"container\" data-settings=\"{&quot;content_width&quot;:&quot;boxed&quot;}\">\n\t\t\t\t\t<div class=\"e-con-inner\">\n\t\t\t\t<div class=\"elementor-element elementor-element-ad3ddb2 elementor-widget elementor-widget-counters\" data-id=\"ad3ddb2\" data-element_type=\"widget\" data-widget_type=\"counters.default\">\n\t\t\t\t<div class=\"elementor-widget-container\">\n\t\t\t\r\n      <div class=\"counter-item text-center\">\r\n         <div class=\"counter-icon\">\r\n                      <\/div>\r\n         <div class=\"elementor-counter-number-wrapper\">\r\n         <div class=\"counter-content\">\r\n             <h2 class=\"count elementor-counter-number\" data-duration=\"2000\" data-to-value=\"100\" data-from-value=\"0\" data-delimiter=\" \">03<\/h2>\r\n             <span>M\u00e1y c\u00e1n<\/span>\r\n         <\/div>\r\n         <\/div>\r\n      <\/div>\r\n\r\n      \t\t<\/div>\n\t\t\t\t<\/div>\n\t\t\t\t\t<\/div>\n\t\t\t\t<\/div>\n\t\t<div class=\"elementor-element elementor-element-40cfc55 e-flex e-con-boxed e-con e-child\" data-id=\"40cfc55\" data-element_type=\"container\" data-settings=\"{&quot;content_width&quot;:&quot;boxed&quot;}\">\n\t\t\t\t\t<div class=\"e-con-inner\">\n\t\t\t\t<div class=\"elementor-element elementor-element-acd9075 elementor-widget elementor-widget-counters\" data-id=\"acd9075\" data-element_type=\"widget\" data-widget_type=\"counters.default\">\n\t\t\t\t<div class=\"elementor-widget-container\">\n\t\t\t\r\n      <div class=\"counter-item text-center\">\r\n         <div class=\"counter-icon\">\r\n                      <\/div>\r\n         <div class=\"elementor-counter-number-wrapper\">\r\n         <div class=\"counter-content\">\r\n             <h2 class=\"count elementor-counter-number\" data-duration=\"2000\" data-to-value=\"100\" data-from-value=\"0\" data-delimiter=\" \">04<\/h2>\r\n             <span>M\u00e1y luy\u1ec7n kim<\/span>\r\n         <\/div>\r\n         <\/div>\r\n      <\/div>\r\n\r\n      \t\t<\/div>\n\t\t\t\t<\/div>\n\t\t\t\t\t<\/div>\n\t\t\t\t<\/div>\n\t\t<div class=\"elementor-element elementor-element-0efe388 e-flex e-con-boxed e-con e-child\" data-id=\"0efe388\" data-element_type=\"container\" data-settings=\"{&quot;content_width&quot;:&quot;boxed&quot;}\">\n\t\t\t\t\t<div class=\"e-con-inner\">\n\t\t\t\t<div class=\"elementor-element elementor-element-cef7842 elementor-widget elementor-widget-counters\" data-id=\"cef7842\" data-element_type=\"widget\" data-widget_type=\"counters.default\">\n\t\t\t\t<div class=\"elementor-widget-container\">\n\t\t\t\r\n      <div class=\"counter-item text-center\">\r\n         <div class=\"counter-icon\">\r\n                      <\/div>\r\n         <div class=\"elementor-counter-number-wrapper\">\r\n         <div class=\"counter-content\">\r\n             <h2 class=\"count elementor-counter-number\" data-duration=\"2000\" data-to-value=\"100\" data-from-value=\"0\" data-delimiter=\" \">200<\/h2>\r\n             <span>T\u1ea5n s\u1ea3n l\u01b0\u1ee3ng m\u1ed7i th\u00e1ng<\/span>\r\n         <\/div>\r\n         <\/div>\r\n      <\/div>\r\n\r\n      \t\t<\/div>\n\t\t\t\t<\/div>\n\t\t\t\t\t<\/div>\n\t\t\t\t<\/div>\n\t\t\t\t\t<\/div>\n\t\t\t\t<\/div>\n\t\t\t\t\t<\/div>\n\t\t\t\t<\/div>\n\t\t<div class=\"elementor-element elementor-element-febda5f e-flex e-con-boxed e-con e-parent\" data-id=\"febda5f\" data-element_type=\"container\" data-settings=\"{&quot;background_background&quot;:&quot;classic&quot;,&quot;content_width&quot;:&quot;boxed&quot;}\" data-core-v316-plus=\"true\">\n\t\t\t\t\t<div class=\"e-con-inner\">\n\t\t\t\t<div class=\"elementor-element elementor-element-10eaa12 elementor-widget elementor-widget-heading\" data-id=\"10eaa12\" data-element_type=\"widget\" data-widget_type=\"heading.default\">\n\t\t\t\t<div class=\"elementor-widget-container\">\n\t\t\t<h2 class=\"elementor-heading-title elementor-size-default\">Ph\u00f2ng th\u00ed nghi\u1ec7m<\/h2>\t\t<\/div>\n\t\t\t\t<\/div>\n\t\t\t\t<div class=\"elementor-element elementor-element-663b567 elementor-widget elementor-widget-text-editor\" data-id=\"663b567\" data-element_type=\"widget\" data-widget_type=\"text-editor.default\">\n\t\t\t\t<div class=\"elementor-widget-container\">\n\t\t\t\t\t\t\t<p>B\u00ean c\u1ea1nh c\u01a1 s\u1edf s\u1ea3n xu\u1ea5t v\u00e0 \u0111\u1ed9i ng\u0169 nhi\u1ec1u n\u0103m kinh nghi\u1ec7m, Sparkling Stars ch\u00fang t\u00f4i c\u00f2n trang b\u1ecb m\u1ed9t ph\u00f2ng th\u00ed nghi\u1ec7m v\u1edbi c\u00e1c thi\u1ebft b\u1ecb ki\u1ec3m tra hi\u1ec7n \u0111\u1ea1i nh\u1eb1m ph\u1ee5c v\u1ee5 ki\u1ec3m so\u00e1t li\u00ean t\u1ee5c ch\u1ea5t l\u01b0\u1ee3ng s\u1ea3n ph\u1ea9m \u0111\u1ea7u ra, t\u1ed1i \u01b0u h\u00f3a d\u00e2y chuy\u1ec1n s\u1ea3n xu\u1ea5t: M\u00e1y \u0111o \u0111\u1ed9 m\u00e0i m\u00f2n. M\u00e1y \u0111o t\u1ed1c \u0111\u1ed9 l\u01b0u h\u00f3a, M\u00e1y \u0111o \u0111\u1ed9 c\u1ee9ng c\u1ee7a s\u1eaft, M\u00e1y \u0111o k\u00edch th\u01b0\u1edbc 2D, M\u00e1y \u0111o l\u1ef1c k\u00e9o \u0111\u1ee9t<\/p>\t\t\t\t\t\t<\/div>\n\t\t\t\t<\/div>\n\t\t\t\t\t<\/div>\n\t\t\t\t<\/div>\n\t\t<div class=\"elementor-element elementor-element-f588699 e-flex e-con-boxed e-con e-parent\" data-id=\"f588699\" data-element_type=\"container\" data-settings=\"{&quot;content_width&quot;:&quot;boxed&quot;}\" data-core-v316-plus=\"true\">\n\t\t\t\t\t<div class=\"e-con-inner\">\n\t\t\t\t<div class=\"elementor-element elementor-element-41c1572 elementor-widget elementor-widget-image\" data-id=\"41c1572\" data-element_type=\"widget\" data-widget_type=\"image.default\">\n\t\t\t\t<div class=\"elementor-widget-container\">\n\t\t\t\t\t\t\t\t\t\t\t\t\t\t\t<img decoding=\"async\" width=\"640\" height=\"167\" src=\"https:\/\/sparklingstars.com.vn\/wp-content\/uploads\/2024\/09\/banner3-1024x267.jpg\" class=\"attachment-large size-large wp-image-1859\" alt=\"\" srcset=\"https:\/\/sparklingstars.com.vn\/wp-content\/uploads\/2024\/09\/banner3-1024x267.jpg 1024w, https:\/\/sparklingstars.com.vn\/wp-content\/uploads\/2024\/09\/banner3-300x78.jpg 300w, https:\/\/sparklingstars.com.vn\/wp-content\/uploads\/2024\/09\/banner3-768x200.jpg 768w, https:\/\/sparklingstars.com.vn\/wp-content\/uploads\/2024\/09\/banner3-1536x400.jpg 1536w, https:\/\/sparklingstars.com.vn\/wp-content\/uploads\/2024\/09\/banner3-18x5.jpg 18w, https:\/\/sparklingstars.com.vn\/wp-content\/uploads\/2024\/09\/banner3-600x156.jpg 600w, https:\/\/sparklingstars.com.vn\/wp-content\/uploads\/2024\/09\/banner3.jpg 1920w\" sizes=\"(max-width: 640px) 100vw, 640px\" \/>\t\t\t\t\t\t\t\t\t\t\t\t\t\t\t<\/div>\n\t\t\t\t<\/div>\n\t\t\t\t\t<\/div>\n\t\t\t\t<\/div>\n\t\t<div class=\"elementor-element elementor-element-7e3a0bb banner-wrap e-flex e-con-boxed e-con e-parent\" data-id=\"7e3a0bb\" data-element_type=\"container\" data-settings=\"{&quot;background_background&quot;:&quot;classic&quot;,&quot;content_width&quot;:&quot;boxed&quot;}\" data-core-v316-plus=\"true\">\n\t\t\t\t\t<div class=\"e-con-inner\">\n\t\t<div class=\"elementor-element elementor-element-db58e54 e-flex e-con-boxed e-con e-child\" data-id=\"db58e54\" data-element_type=\"container\" data-settings=\"{&quot;content_width&quot;:&quot;boxed&quot;}\">\n\t\t\t\t\t<div class=\"e-con-inner\">\n\t\t\t\t\t<\/div>\n\t\t\t\t<\/div>\n\t\t\t\t\t<\/div>\n\t\t\t\t<\/div>\n\t\t\t\t\t\t\t<\/div>","protected":false},"excerpt":{"rendered":"<p>SPARKLING STARS C\u00f4ng ty TNHH Sparkling Stars l\u00e0 C\u00f4ng ty c\u00f3 v\u1ed1n \u0111\u1ea7u t\u01b0 c\u1ee7a \u0110\u00e0i Loan, ch\u00fang t\u00f4i chuy\u00ean s\u1ea3n xu\u1ea5t c\u00e1c s\u1ea3n ph\u1ea9m: Cao su k\u1ef9 thu\u1eadt ch\u1ecbu nhi\u1ec7t, ch\u1ecbu d\u1ea7u, ch\u1ecbu va \u0111\u1eadp, ch\u1ed1ng m\u00e0i m\u00f2n Cao su silicone ch\u1ecbu nhi\u1ec7t, c\u00f3 \u0111\u1ed9 \u0111\u00e0n h\u1ed3i cao V\u1edbi trang thi\u1ebft b\u1ecb hi\u1ec7n \u0111\u1ea1i [&hellip;]<\/p>","protected":false},"author":1,"featured_media":0,"parent":0,"menu_order":0,"comment_status":"closed","ping_status":"closed","template":"custom-page-without-breadcrumb.php","meta":[],"_links":{"self":[{"href":"https:\/\/sparklingstars.com.vn\/en\/wp-json\/wp\/v2\/pages\/53"}],"collection":[{"href":"https:\/\/sparklingstars.com.vn\/en\/wp-json\/wp\/v2\/pages"}],"about":[{"href":"https:\/\/sparklingstars.com.vn\/en\/wp-json\/wp\/v2\/types\/page"}],"author":[{"embeddable":true,"href":"https:\/\/sparklingstars.com.vn\/en\/wp-json\/wp\/v2\/users\/1"}],"replies":[{"embeddable":true,"href":"https:\/\/sparklingstars.com.vn\/en\/wp-json\/wp\/v2\/comments?post=53"}],"version-history":[{"count":212,"href":"https:\/\/sparklingstars.com.vn\/en\/wp-json\/wp\/v2\/pages\/53\/revisions"}],"predecessor-version":[{"id":1920,"href":"https:\/\/sparklingstars.com.vn\/en\/wp-json\/wp\/v2\/pages\/53\/revisions\/1920"}],"wp:attachment":[{"href":"https:\/\/sparklingstars.com.vn\/en\/wp-json\/wp\/v2\/media?parent=53"}],"curies":[{"name":"wp","href":"https:\/\/api.w.org\/{rel}","templated":true}]}}